{"id":5389,"date":"2020-01-16T09:56:22","date_gmt":"2020-01-16T08:56:22","guid":{"rendered":"http:\/\/www.notredamelacouronne.fr\/news\/?page_id=5389"},"modified":"2020-01-16T22:23:44","modified_gmt":"2020-01-16T21:23:44","slug":"politique-de-confidentialite","status":"publish","type":"page","link":"https:\/\/www.notredamelacouronne.fr\/news\/politique-de-confidentialite\/","title":{"rendered":"Politique de confidentialit\u00e9"},"content":{"rendered":"\n<h2 class=\"wp-block-heading\">Qui sommes-nous&nbsp;?<\/h2>\n\n\n\n<p>L\u2019adresse de notre site Web est&nbsp;: https:\/\/www.notredamelacouronne.fr\/news.<\/p>\n\n\n\n<h2 class=\"wp-block-heading\">Utilisation des donn\u00e9es personnelles collect\u00e9es<\/h2>\n\n\n\n<h3 class=\"wp-block-heading\">Dur\u00e9es de stockage de vos donn\u00e9es<\/h3>\n\n\n\n<p><\/p>\n\n\n\n<p>Pour les utilisateurs et utilisatrices qui s\u2019enregistrent sur notre site, nous stockons  les donn\u00e9es personnelles indiqu\u00e9es dans leur profil. Tous les utilisateurs et utilisatrices peuvent voir, modifier ou supprimer leurs informations personnelles \u00e0 tout moment. Les gestionnaires du site peuvent aussi voir et modifier ces informations, mais pas les autres utilisateurs.<\/p>\n\n\n\n<h3 class=\"wp-block-heading\">Les droits que vous avez sur vos donn\u00e9es<\/h3>\n\n\n\n<p>Si vous vous \u00eates enregistr\u00e9 le site, vous pouvez demander \u00e0 recevoir une copie des donn\u00e9es personnelles que nous poss\u00e9dons \u00e0 votre sujet, incluant celles que vous nous avez fournies.<\/p>\n\n\n\n<p> Vous pouvez \u00e9galement demander la suppression des donn\u00e9es personnelles vous concernant. Cela ne prend pas en compte les donn\u00e9es stock\u00e9es \u00e0 des fins administratives, l\u00e9gales ou pour des raisons de s\u00e9curit\u00e9.<\/p>\n\n\n\n<h3 class=\"wp-block-heading\">Comment nous prot\u00e9geons vos donn\u00e9es<\/h3>\n\n\n\n<p>Les donn\u00e9es vous concernant sont stock\u00e9es sur un serveur s\u00e9curis\u00e9. Seuls les gestionnaires du site  web ont acc\u00e8s \u00e0 ces donn\u00e9es et s&rsquo;engagent \u00e0 ne pas les copier ou \u00e0 les utiliser en dehors des fonctionnalit\u00e9s propos\u00e9es par le site web (inscription aux notifications automatiques de publication d&rsquo;article et formulaire d&rsquo;inscription d&rsquo;\u00e9l\u00e8ve en ligne).<\/p>\n\n\n\n<h3 class=\"wp-block-heading\">Proc\u00e9dures mises en \u0153uvre en cas de fuite de donn\u00e9es<\/h3>\n\n\n\n<p>En cas de fuite av\u00e9r\u00e9e de donn\u00e9es personnelles \u00e0 la suite d&rsquo;une erreur de traitement ou d&rsquo;une cyber-attaque, l&rsquo;\u00e9tablissement s&rsquo;engage \u00e0 :<\/p>\n\n\n\n<ul class=\"wp-block-list\"><li>avertir la CNIL de l&rsquo;incident dans les 72h suivant sa d\u00e9couverte  (article 33 du RGPD) .<\/li><li>Avertir les personnes concern\u00e9es de l&rsquo;incident et des mesures prises pour le corriger (article 34 du RGPD)<\/li><\/ul>\n","protected":false},"excerpt":{"rendered":"<p>_<\/p>\n","protected":false},"author":1,"featured_media":0,"parent":0,"menu_order":0,"comment_status":"closed","ping_status":"closed","template":"","meta":{"footnotes":""},"class_list":["post-5389","page","type-page","status-publish","hentry"],"_links":{"self":[{"href":"https:\/\/www.notredamelacouronne.fr\/news\/wp-json\/wp\/v2\/pages\/5389","targetHints":{"allow":["GET"]}}],"collection":[{"href":"https:\/\/www.notredamelacouronne.fr\/news\/wp-json\/wp\/v2\/pages"}],"about":[{"href":"https:\/\/www.notredamelacouronne.fr\/news\/wp-json\/wp\/v2\/types\/page"}],"author":[{"embeddable":true,"href":"https:\/\/www.notredamelacouronne.fr\/news\/wp-json\/wp\/v2\/users\/1"}],"replies":[{"embeddable":true,"href":"https:\/\/www.notredamelacouronne.fr\/news\/wp-json\/wp\/v2\/comments?post=5389"}],"version-history":[{"count":0,"href":"https:\/\/www.notredamelacouronne.fr\/news\/wp-json\/wp\/v2\/pages\/5389\/revisions"}],"wp:attachment":[{"href":"https:\/\/www.notredamelacouronne.fr\/news\/wp-json\/wp\/v2\/media?parent=5389"}],"curies":[{"name":"wp","href":"https:\/\/api.w.org\/{rel}","templated":true}]}}