{"id":5377,"date":"2020-01-15T00:27:41","date_gmt":"2020-01-14T23:27:41","guid":{"rendered":"http:\/\/www.notredamelacouronne.fr\/news\/?page_id=5377"},"modified":"2026-01-24T17:39:02","modified_gmt":"2026-01-24T16:39:02","slug":"formulaire-demande-dinscription","status":"publish","type":"page","link":"https:\/\/www.notredamelacouronne.fr\/news\/formulaire-demande-dinscription\/","title":{"rendered":"Formulaire de demande d&rsquo;inscription 2026-2027 &#8211; \u00c9cole Priv\u00e9e Notre Dame \u00e0 La Couronne (16)"},"content":{"rendered":"\n<hr class=\"wp-block-separator has-text-color has-vivid-red-color has-css-opacity has-vivid-red-background-color has-background\"\/>\n\n\n\n<p>Ce formulaire sera transmis \u00e0 la Direction de l&rsquo;\u00e9tablissement qui prendra ensuite contact avec vous.<\/p>\n\n\n<div class=\"wpforms-container wpforms-container-full wpforms-block wpforms-block-c41a22b6-d9f0-4119-9736-a9c2ad8b63ab\" id=\"wpforms-5374\"><form id=\"wpforms-form-5374\" class=\"wpforms-validate wpforms-form\" data-formid=\"5374\" method=\"post\" enctype=\"multipart\/form-data\" action=\"\/news\/wp-json\/wp\/v2\/pages\/5377\" data-token=\"1ac822727ea7abb92b9e5bb27e00f37e\" data-token-time=\"1777459244\"><noscript class=\"wpforms-error-noscript\">Veuillez activer JavaScript dans votre navigateur pour remplir ce formulaire.<\/noscript><div class=\"wpforms-field-container\"><div id=\"wpforms-5374-field_7-container\" class=\"wpforms-field wpforms-field-select wpforms-field-select-style-classic\" data-field-id=\"7\"><label class=\"wpforms-field-label\" for=\"wpforms-5374-field_7\">Classe demand\u00e9e <span class=\"wpforms-required-label\">*<\/span><\/label><select id=\"wpforms-5374-field_7\" class=\"wpforms-field-medium wpforms-field-required\" name=\"wpforms[fields][7]\" required=\"required\"><option value=\"Toute petite section maternelle (n\u00e9 en 2024 avec 2 ans et demi pour la rentr\u00e9e de septembre)\"  class=\"choice-1 depth-1\"  >Toute petite section maternelle (n\u00e9 en 2024 avec 2 ans et demi pour la rentr\u00e9e de septembre)<\/option><option value=\"Petite section maternelle (n\u00e9 en 2024)\"  class=\"choice-2 depth-1\"  >Petite section maternelle (n\u00e9 en 2024)<\/option><option value=\"Moyenne section maternelle\"  class=\"choice-3 depth-1\"  >Moyenne section maternelle<\/option><option value=\"Grande section maternelle\"  class=\"choice-5 depth-1\"  >Grande section maternelle<\/option><option value=\"CP\"  class=\"choice-6 depth-1\"  >CP<\/option><option value=\"CE1\"  class=\"choice-7 depth-1\"  >CE1<\/option><option value=\"CE2\"  class=\"choice-8 depth-1\"  >CE2<\/option><option value=\"CM1\"  class=\"choice-9 depth-1\"  >CM1<\/option><option value=\"CM2\"  class=\"choice-10 depth-1\"  >CM2<\/option><\/select><\/div><div id=\"wpforms-5374-field_30-container\" class=\"wpforms-field wpforms-field-name\" data-field-id=\"30\"><label class=\"wpforms-field-label\">Nom et pr\u00e9nom de l&#039;\u00e9l\u00e8ve <span class=\"wpforms-required-label\">*<\/span><\/label><div class=\"wpforms-field-row wpforms-field-medium\"><div class=\"wpforms-field-row-block wpforms-first wpforms-one-half\"><input type=\"text\" id=\"wpforms-5374-field_30\" class=\"wpforms-field-name-first wpforms-field-required\" name=\"wpforms[fields][30][first]\" required><label for=\"wpforms-5374-field_30\" class=\"wpforms-field-sublabel after\">Pr\u00e9nom<\/label><\/div><div class=\"wpforms-field-row-block wpforms-one-half\"><input type=\"text\" id=\"wpforms-5374-field_30-last\" class=\"wpforms-field-name-last wpforms-field-required\" name=\"wpforms[fields][30][last]\" required><label for=\"wpforms-5374-field_30-last\" class=\"wpforms-field-sublabel after\">Nom<\/label><\/div><\/div><\/div><div id=\"wpforms-5374-field_6-container\" class=\"wpforms-field wpforms-field-text\" data-field-id=\"6\"><label class=\"wpforms-field-label\" for=\"wpforms-5374-field_6\">Date de naissance de l&#039;enfant <span class=\"wpforms-required-label\">*<\/span><\/label><input type=\"text\" id=\"wpforms-5374-field_6\" class=\"wpforms-field-small wpforms-field-required\" name=\"wpforms[fields][6]\" required><\/div><div id=\"wpforms-5374-field_4-container\" class=\"wpforms-field wpforms-field-text\" data-field-id=\"4\"><label class=\"wpforms-field-label\" for=\"wpforms-5374-field_4\">Ecole fr\u00e9quent\u00e9e l&#039;an pass\u00e9e ou mode de garde pour les primo rentrants <span class=\"wpforms-required-label\">*<\/span><\/label><input type=\"text\" id=\"wpforms-5374-field_4\" class=\"wpforms-field-medium wpforms-field-required\" name=\"wpforms[fields][4]\" required><\/div><div id=\"wpforms-5374-field_12-container\" class=\"wpforms-field wpforms-field-text\" data-field-id=\"12\"><label class=\"wpforms-field-label\" for=\"wpforms-5374-field_12\">Adresse du lieu d&#039;habitation de l&#039;\u00e9l\u00e8ve <span class=\"wpforms-required-label\">*<\/span><\/label><input type=\"text\" id=\"wpforms-5374-field_12\" class=\"wpforms-field-medium wpforms-field-required\" name=\"wpforms[fields][12]\" required><\/div><div id=\"wpforms-5374-field_37-container\" class=\"wpforms-field wpforms-field-text wpforms-one-third wpforms-first wpforms-one-fourth\" data-field-id=\"37\"><label class=\"wpforms-field-label\" for=\"wpforms-5374-field_37\">Code Postal <span class=\"wpforms-required-label\">*<\/span><\/label><input type=\"text\" id=\"wpforms-5374-field_37\" class=\"wpforms-field-medium wpforms-field-required wpforms-limit-characters-enabled\" data-form-id=\"5374\" data-field-id=\"37\" data-text-limit=\"5\" name=\"wpforms[fields][37]\" maxlength=\"5\" required><\/div><div id=\"wpforms-5374-field_40-container\" class=\"wpforms-field wpforms-field-text wpforms-two-thirds wpforms-two-fourths\" data-field-id=\"40\"><label class=\"wpforms-field-label\" for=\"wpforms-5374-field_40\">Ville <span class=\"wpforms-required-label\">*<\/span><\/label><input type=\"text\" id=\"wpforms-5374-field_40\" class=\"wpforms-field-large wpforms-field-required\" name=\"wpforms[fields][40]\" required><\/div><div id=\"wpforms-5374-field_35-container\" class=\"wpforms-field wpforms-field-text wpforms-one-third wpforms-first wpforms-one-fourth\" data-field-id=\"35\"><label class=\"wpforms-field-label\" for=\"wpforms-5374-field_35\">T\u00e9l\u00e9phone portable <span class=\"wpforms-required-label\">*<\/span><\/label><input type=\"text\" id=\"wpforms-5374-field_35\" class=\"wpforms-field-medium wpforms-field-required wpforms-masked-input\" data-rule-inputmask-incomplete=\"1\" data-inputmask-mask=\"99-99-99-99-99\" name=\"wpforms[fields][35]\" required><\/div><div id=\"wpforms-5374-field_1-container\" class=\"wpforms-field wpforms-field-email wpforms-two-thirds wpforms-two-fourths\" data-field-id=\"1\"><label class=\"wpforms-field-label\" for=\"wpforms-5374-field_1\">Adresse mail  <span class=\"wpforms-required-label\">*<\/span><\/label><input type=\"email\" id=\"wpforms-5374-field_1\" class=\"wpforms-field-large wpforms-field-required\" name=\"wpforms[fields][1]\" spellcheck=\"false\" required><\/div><div id=\"wpforms-5374-field_19-container\" class=\"wpforms-field wpforms-field-number\" data-field-id=\"19\"><label class=\"wpforms-field-label\" for=\"wpforms-5374-field_19\">Nombre d&#039;enfants \u00e0 charge<\/label><input type=\"number\" id=\"wpforms-5374-field_19\" class=\"wpforms-field-small\" name=\"wpforms[fields][19]\" step=\"any\" ><\/div><div id=\"wpforms-5374-field_39-container\" class=\"wpforms-field wpforms-field-textarea\" data-field-id=\"39\"><label class=\"wpforms-field-label\" for=\"wpforms-5374-field_39\">Besoins particuliers \u00e0 prendre en compte pour votre enfant: vie scolaire, famille, sant\u00e9\u2026<\/label><textarea id=\"wpforms-5374-field_39\" class=\"wpforms-field-medium\" name=\"wpforms[fields][39]\" ><\/textarea><\/div><div id=\"wpforms-5374-field_2-container\" class=\"wpforms-field wpforms-field-textarea\" data-field-id=\"2\"><label class=\"wpforms-field-label\" for=\"wpforms-5374-field_2\">En quelques mots, votre motivation \u00e0 rejoindre notre \u00e9cole <span class=\"wpforms-required-label\">*<\/span><\/label><textarea id=\"wpforms-5374-field_2\" class=\"wpforms-field-medium wpforms-field-required\" name=\"wpforms[fields][2]\" required><\/textarea><\/div><div id=\"wpforms-5374-field_33-container\" class=\"wpforms-field wpforms-field-gdpr-checkbox\" data-field-id=\"33\"><label class=\"wpforms-field-label\">Accord RGPD <span class=\"wpforms-required-label\">*<\/span><\/label><ul id=\"wpforms-5374-field_33\" class=\"wpforms-field-required\"><li class=\"choice-1\"><input type=\"checkbox\" id=\"wpforms-5374-field_33_1\" name=\"wpforms[fields][33][]\" value=\"Je consens \u00e0 ce que ce site stocke temporairement mes informations envoy\u00e9es afin de pouvoir r\u00e9pondre \u00e0 ma requ\u00eate. Ces informations seront ensuite effac\u00e9es automatiquement.\" required ><label class=\"wpforms-field-label-inline\" for=\"wpforms-5374-field_33_1\">Je consens \u00e0 ce que ce site stocke temporairement mes informations envoy\u00e9es afin de pouvoir r\u00e9pondre \u00e0 ma requ\u00eate. Ces informations seront ensuite effac\u00e9es automatiquement.<\/label><\/li><\/ul><\/div><\/div><!-- .wpforms-field-container --><div class=\"wpforms-field wpforms-field-hp\"><label for=\"wpforms-5374-field-hp\" class=\"wpforms-field-label\">Phone<\/label><input type=\"text\" name=\"wpforms[hp]\" id=\"wpforms-5374-field-hp\" class=\"wpforms-field-medium\"><\/div><div class=\"wpforms-recaptcha-container wpforms-is-recaptcha wpforms-is-recaptcha-type-v2\" ><div class=\"g-recaptcha\" data-sitekey=\"6Ldmss8UAAAAAKUV5GO-VxXsiR63VH0t-XlKLpgd\"><\/div><input type=\"text\" name=\"g-recaptcha-hidden\" class=\"wpforms-recaptcha-hidden\" style=\"position:absolute!important;clip:rect(0,0,0,0)!important;height:1px!important;width:1px!important;border:0!important;overflow:hidden!important;padding:0!important;margin:0!important;\" data-rule-recaptcha=\"1\"><\/div><div class=\"wpforms-submit-container\" ><input type=\"hidden\" name=\"wpforms[id]\" value=\"5374\"><input type=\"hidden\" name=\"page_title\" value=\"\"><input type=\"hidden\" name=\"page_url\" value=\"https:\/\/www.notredamelacouronne.fr\/news\/wp-json\/wp\/v2\/pages\/5377\"><input type=\"hidden\" name=\"url_referer\" value=\"\"><button type=\"submit\" name=\"wpforms[submit]\" id=\"wpforms-submit-5374\" class=\"wpforms-submit\" data-alt-text=\"Envoi...\" data-submit-text=\"Envoyer\" aria-live=\"assertive\" value=\"wpforms-submit\">Envoyer<\/button><\/div><\/form><\/div>  <!-- .wpforms-container -->\n\n\n<p><\/p>\n","protected":false},"excerpt":{"rendered":"<p>_<\/p>\n","protected":false},"author":1,"featured_media":0,"parent":0,"menu_order":0,"comment_status":"closed","ping_status":"closed","template":"","meta":{"footnotes":""},"class_list":["post-5377","page","type-page","status-publish","hentry"],"_links":{"self":[{"href":"https:\/\/www.notredamelacouronne.fr\/news\/wp-json\/wp\/v2\/pages\/5377","targetHints":{"allow":["GET"]}}],"collection":[{"href":"https:\/\/www.notredamelacouronne.fr\/news\/wp-json\/wp\/v2\/pages"}],"about":[{"href":"https:\/\/www.notredamelacouronne.fr\/news\/wp-json\/wp\/v2\/types\/page"}],"author":[{"embeddable":true,"href":"https:\/\/www.notredamelacouronne.fr\/news\/wp-json\/wp\/v2\/users\/1"}],"replies":[{"embeddable":true,"href":"https:\/\/www.notredamelacouronne.fr\/news\/wp-json\/wp\/v2\/comments?post=5377"}],"version-history":[{"count":4,"href":"https:\/\/www.notredamelacouronne.fr\/news\/wp-json\/wp\/v2\/pages\/5377\/revisions"}],"predecessor-version":[{"id":8975,"href":"https:\/\/www.notredamelacouronne.fr\/news\/wp-json\/wp\/v2\/pages\/5377\/revisions\/8975"}],"wp:attachment":[{"href":"https:\/\/www.notredamelacouronne.fr\/news\/wp-json\/wp\/v2\/media?parent=5377"}],"curies":[{"name":"wp","href":"https:\/\/api.w.org\/{rel}","templated":true}]}}