{"id":3506,"date":"2017-12-16T13:58:27","date_gmt":"2017-12-16T12:58:27","guid":{"rendered":"http:\/\/www.notredamelacouronne.fr\/news\/?page_id=3506"},"modified":"2025-08-23T10:59:43","modified_gmt":"2025-08-23T09:59:43","slug":"rentree2025","status":"publish","type":"page","link":"https:\/\/www.notredamelacouronne.fr\/news\/rentree2025\/","title":{"rendered":"Rentr\u00e9e 2025 &#8211; \u00c9cole Priv\u00e9e Notre Dame pr\u00e8s d\u2019Angoul\u00eame"},"content":{"rendered":"\n<div class=\"wp-block-group\"><div class=\"wp-block-group__inner-container is-layout-constrained wp-block-group-is-layout-constrained\">\n<div class=\"wp-block-group borderBloc\"><div class=\"wp-block-group__inner-container is-layout-constrained wp-block-group-is-layout-constrained\">\n<p><\/p>\n\n\n\n<p>    <\/p>\n\n\n\n<h2 class=\"wp-block-heading has-text-align-center\">Note de rentr\u00e9e 2025 &#8211; 2026<\/h2>\n\n\n\n<div class=\"wp-block-columns is-layout-flex wp-container-core-columns-is-layout-9d6595d7 wp-block-columns-is-layout-flex\">\n<div class=\"wp-block-column is-layout-flow wp-block-column-is-layout-flow\">\n<div style=\"text-align: center;\"><a href=\"https:\/\/www.notredamelacouronne.fr\/news\/wp-content\/uploads\/2025\/08\/Note-de-rentree-25-26.pdf\" target=\"_blank\" rel=\"noopener\"><img decoding=\"async\" src=\"https:\/\/www.notredamelacouronne.fr\/news\/wp-content\/uploads\/2025\/08\/Note-de-rentree-25-26_page-0001.jpg\"><\/a><\/div>\n<\/div>\n\n\n\n<div class=\"wp-block-column is-layout-flow wp-block-column-is-layout-flow\">\n<div style=\"text-align: center;\"><a href=\"https:\/\/www.notredamelacouronne.fr\/news\/wp-content\/uploads\/2025\/08\/Note-de-rentree-25-26.pdf\" target=\"_blank\" rel=\"noopener\"><img decoding=\"async\" src=\"https:\/\/www.notredamelacouronne.fr\/news\/wp-content\/uploads\/2025\/08\/Note-de-rentree-25-26_page-0002.jpg\"><\/a><\/div>\n<\/div>\n<\/div>\n<\/div><\/div>\n<\/div><\/div>\n\n\n\n<p>     <\/p>\n\n\n\n<div class=\"wp-block-columns is-layout-flex wp-container-core-columns-is-layout-9d6595d7 wp-block-columns-is-layout-flex\">\n<div class=\"wp-block-column is-layout-flow wp-block-column-is-layout-flow\">\n<hr class=\"wp-block-separator has-alpha-channel-opacity\"\/>\n<\/div>\n\n\n\n<div class=\"wp-block-column is-layout-flow wp-block-column-is-layout-flow\">\n<hr class=\"wp-block-separator has-alpha-channel-opacity\"\/>\n<\/div>\n<\/div>\n\n\n\n<div class=\"wp-block-columns is-layout-flex wp-container-core-columns-is-layout-9d6595d7 wp-block-columns-is-layout-flex\">\n<div class=\"wp-block-column is-layout-flow wp-block-column-is-layout-flow\" style=\"flex-basis:100%\">\n<div class=\"wp-block-columns is-layout-flex wp-container-core-columns-is-layout-9d6595d7 wp-block-columns-is-layout-flex\">\n<div class=\"wp-block-column is-layout-flow wp-block-column-is-layout-flow\">\n<h2 class=\"wp-block-heading has-text-align-center\">Calendrier 2025 &#8211; 2026<\/h2>\n\n\n\n<div style=\"text-align: center;\">\n<a href=\"https:\/\/www.notredamelacouronne.fr\/news\/wp-content\/uploads\/2025\/07\/Calendrier-familles-25-26v2.pdf\" target=\"_blank\" rel=\"noopener\"><img decoding=\"async\" src=\"https:\/\/www.notredamelacouronne.fr\/news\/wp-content\/uploads\/2025\/07\/02-Calendrier-familles-25-26v2.jpg\"><\/a><\/div>\n\n\n\n<hr class=\"wp-block-separator has-alpha-channel-opacity\"\/>\n<\/div>\n\n\n\n<div class=\"wp-block-column is-layout-flow wp-block-column-is-layout-flow\">\n<h2 class=\"wp-block-heading has-text-align-center\">Circulaire de rentr\u00e9e 2025 &#8211; 2026<\/h2>\n\n\n\n<div style=\"text-align: center;\">\n<a href=\"https:\/\/www.notredamelacouronne.fr\/news\/wp-content\/uploads\/2025\/07\/Circulaire-de-rentree-envoi-juin-25-26.pdf\" target=\"_blank\" rel=\"noopener\"><img decoding=\"async\" src=\"https:\/\/www.notredamelacouronne.fr\/news\/wp-content\/uploads\/2025\/07\/01-Circulaire-de-rentree-envoi-juin-25-26.jpg\"><\/a><\/div>\n\n\n\n<hr class=\"wp-block-separator has-alpha-channel-opacity\"\/>\n<\/div>\n<\/div>\n<\/div>\n<\/div>\n\n\n\n<div class=\"wp-block-columns is-layout-flex wp-container-core-columns-is-layout-9d6595d7 wp-block-columns-is-layout-flex\">\n<div class=\"wp-block-column is-layout-flow wp-block-column-is-layout-flow\">\n<h2 class=\"wp-block-heading has-text-align-center\">Fournitures TPS \/ PS<\/h2>\n\n\n\n<div style=\"text-align: center;\"><a href=\"https:\/\/www.notredamelacouronne.fr\/news\/wp-content\/uploads\/2025\/07\/TPS-PS-Fournitures-25-26.pdf\" target=\"_blank\" rel=\"noopener\"><img decoding=\"async\" src=\"https:\/\/www.notredamelacouronne.fr\/news\/wp-content\/uploads\/2025\/07\/03-TPS-PS-Fournitures-25-26.jpg\"><\/a><\/div>\n\n\n\n<hr class=\"wp-block-separator has-alpha-channel-opacity\"\/>\n<\/div>\n\n\n\n<div class=\"wp-block-column is-layout-flow wp-block-column-is-layout-flow\">\n<h2 class=\"wp-block-heading has-text-align-center\">Fournitures MS<\/h2>\n\n\n\n<div style=\"text-align: center;\"><a href=\"https:\/\/www.notredamelacouronne.fr\/news\/wp-content\/uploads\/2025\/07\/MS-Fournitures-2025-2026.pdf\" target=\"_blank\" rel=\"noopener\"><img decoding=\"async\" src=\"https:\/\/www.notredamelacouronne.fr\/news\/wp-content\/uploads\/2025\/07\/04-MS-Fournitures-2025-2026.jpg\"><\/a><\/div>\n\n\n\n<hr class=\"wp-block-separator has-alpha-channel-opacity\"\/>\n<\/div>\n<\/div>\n\n\n\n<div class=\"wp-block-columns is-layout-flex wp-container-core-columns-is-layout-9d6595d7 wp-block-columns-is-layout-flex\">\n<div class=\"wp-block-column is-layout-flow wp-block-column-is-layout-flow\">\n<h2 class=\"wp-block-heading has-text-align-center\">Fournitures GS<\/h2>\n\n\n\n<div style=\"text-align: center;\"><a href=\"https:\/\/www.notredamelacouronne.fr\/news\/wp-content\/uploads\/2025\/07\/GS-Fournitures-parents-2025-26.pdf\" target=\"_blank\" rel=\"noopener\"><img decoding=\"async\" src=\"https:\/\/www.notredamelacouronne.fr\/news\/wp-content\/uploads\/2025\/07\/05-GS-Fournitures-parents-2025-26.jpg\"><\/a><\/div>\n\n\n\n<hr class=\"wp-block-separator has-alpha-channel-opacity\"\/>\n<\/div>\n\n\n\n<div class=\"wp-block-column is-layout-flow wp-block-column-is-layout-flow\">\n<h2 class=\"wp-block-heading has-text-align-center\">Fournitures CP<\/h2>\n\n\n\n<div style=\"text-align: center;\"><a href=\"https:\/\/www.notredamelacouronne.fr\/news\/wp-content\/uploads\/2025\/07\/CP-Fournitures-parents-2025-26.pdf\" target=\"_blank\" rel=\"noopener\"><img decoding=\"async\" src=\"https:\/\/www.notredamelacouronne.fr\/news\/wp-content\/uploads\/2025\/07\/06-CP-Fournitures-parents-2025-26.jpg\"><\/a><\/div>\n\n\n\n<hr class=\"wp-block-separator has-alpha-channel-opacity\"\/>\n<\/div>\n<\/div>\n\n\n\n<div class=\"wp-block-columns is-layout-flex wp-container-core-columns-is-layout-9d6595d7 wp-block-columns-is-layout-flex\">\n<div class=\"wp-block-column is-layout-flow wp-block-column-is-layout-flow\">\n<h2 class=\"wp-block-heading has-text-align-center\">Fournitures CE1<\/h2>\n\n\n\n<div style=\"text-align: center;\"><a href=\"https:\/\/www.notredamelacouronne.fr\/news\/wp-content\/uploads\/2025\/07\/CE1-Fournitures-parents-25-26.pdf\" target=\"_blank\" rel=\"noopener\"><img decoding=\"async\" src=\"https:\/\/www.notredamelacouronne.fr\/news\/wp-content\/uploads\/2025\/07\/07-CE1-Fournitures-parents-25-26.jpg\"><\/a><\/div>\n\n\n\n<hr class=\"wp-block-separator has-alpha-channel-opacity\"\/>\n<\/div>\n\n\n\n<div class=\"wp-block-column is-layout-flow wp-block-column-is-layout-flow\">\n<h2 class=\"wp-block-heading has-text-align-center\">Fournitures CE2<\/h2>\n\n\n\n<div style=\"text-align: center;\"><a href=\"https:\/\/www.notredamelacouronne.fr\/news\/wp-content\/uploads\/2025\/07\/CE2-Fournitures-25-26.pdf\" target=\"_blank\" rel=\"noopener\"><img decoding=\"async\" src=\"https:\/\/www.notredamelacouronne.fr\/news\/wp-content\/uploads\/2025\/07\/08-CE2-Fournitures-25-26.jpg\"><\/a><\/div>\n\n\n\n<hr class=\"wp-block-separator has-alpha-channel-opacity\"\/>\n<\/div>\n<\/div>\n\n\n\n<div class=\"wp-block-columns is-layout-flex wp-container-core-columns-is-layout-9d6595d7 wp-block-columns-is-layout-flex\">\n<div class=\"wp-block-column is-layout-flow wp-block-column-is-layout-flow\">\n<h2 class=\"wp-block-heading has-text-align-center\">Fournitures CM1<\/h2>\n\n\n\n<div style=\"text-align: center;\"><a href=\"https:\/\/www.notredamelacouronne.fr\/news\/wp-content\/uploads\/2025\/07\/CM1-Fournitures-parents-25-26.pdf\" target=\"_blank\" rel=\"noopener\"><img decoding=\"async\" src=\"https:\/\/www.notredamelacouronne.fr\/news\/wp-content\/uploads\/2025\/07\/09-CM1-Fournitures-parents-25-26.jpg\"><\/a><\/div>\n\n\n\n<hr class=\"wp-block-separator has-alpha-channel-opacity\"\/>\n<\/div>\n\n\n\n<div class=\"wp-block-column is-layout-flow wp-block-column-is-layout-flow\">\n<h2 class=\"wp-block-heading has-text-align-center\">Fournitures CM1 Nouvel El\u00e8ve<\/h2>\n\n\n\n<div style=\"text-align: center;\"><a href=\"https:\/\/www.notredamelacouronne.fr\/news\/wp-content\/uploads\/2025\/07\/CM1-Fournitures-nouveaux-25-26.pdf\" target=\"_blank\" rel=\"noopener\"><img decoding=\"async\" src=\"https:\/\/www.notredamelacouronne.fr\/news\/wp-content\/uploads\/2025\/07\/10-CM1-Fournitures-nouveaux-25-26.jpg\"><\/a><\/div>\n\n\n\n<hr class=\"wp-block-separator has-alpha-channel-opacity\"\/>\n<\/div>\n<\/div>\n\n\n\n<div class=\"wp-block-columns is-layout-flex wp-container-core-columns-is-layout-9d6595d7 wp-block-columns-is-layout-flex\">\n<div class=\"wp-block-column is-layout-flow wp-block-column-is-layout-flow\">\n<h2 class=\"wp-block-heading has-text-align-center\">Fournitures CM2<\/h2>\n\n\n\n<div style=\"text-align: center;\"><a href=\"https:\/\/www.notredamelacouronne.fr\/news\/wp-content\/uploads\/2025\/07\/CM2-Fournitures-2025-2026.pdf\" target=\"_blank\" rel=\"noopener\"><img decoding=\"async\" src=\"https:\/\/www.notredamelacouronne.fr\/news\/wp-content\/uploads\/2025\/07\/11-CM2-Fournitures-2025-2026.jpg\"><\/a><\/div>\n\n\n\n<hr class=\"wp-block-separator has-alpha-channel-opacity\"\/>\n<\/div>\n\n\n\n<div class=\"wp-block-column is-layout-flow wp-block-column-is-layout-flow\">\n<h2 class=\"wp-block-heading has-text-align-center\">Fournitures CM2 Nouvel El\u00e8ve<\/h2>\n\n\n\n<div style=\"text-align: center;\"><a href=\"https:\/\/www.notredamelacouronne.fr\/news\/wp-content\/uploads\/2025\/07\/CM2-nouvel-eleve-2025-2026.pdf\" target=\"_blank\" rel=\"noopener\"><img decoding=\"async\" src=\"https:\/\/www.notredamelacouronne.fr\/news\/wp-content\/uploads\/2025\/07\/12-CM2-nouvel-eleve-2025-2026.jpg\"><\/a><\/div>\n\n\n\n<hr class=\"wp-block-separator has-alpha-channel-opacity\"\/>\n<\/div>\n<\/div>\n\n\n\n<!--<a href=\"#POModal\" data-bs-toggle=\"modal\"><img decoding=\"async\" src=\"https:\/\/www.notredamelacouronne.fr\/news\/wp-content\/uploads\/2023\/01\/Icone-Affiche-Portes-Ouvertes-2023.jpg\"><\/a>-->\n","protected":false},"excerpt":{"rendered":"<p>_<\/p>\n","protected":false},"author":1,"featured_media":0,"parent":0,"menu_order":0,"comment_status":"closed","ping_status":"closed","template":"","meta":{"footnotes":""},"class_list":["post-3506","page","type-page","status-publish","hentry"],"_links":{"self":[{"href":"https:\/\/www.notredamelacouronne.fr\/news\/wp-json\/wp\/v2\/pages\/3506","targetHints":{"allow":["GET"]}}],"collection":[{"href":"https:\/\/www.notredamelacouronne.fr\/news\/wp-json\/wp\/v2\/pages"}],"about":[{"href":"https:\/\/www.notredamelacouronne.fr\/news\/wp-json\/wp\/v2\/types\/page"}],"author":[{"embeddable":true,"href":"https:\/\/www.notredamelacouronne.fr\/news\/wp-json\/wp\/v2\/users\/1"}],"replies":[{"embeddable":true,"href":"https:\/\/www.notredamelacouronne.fr\/news\/wp-json\/wp\/v2\/comments?post=3506"}],"version-history":[{"count":42,"href":"https:\/\/www.notredamelacouronne.fr\/news\/wp-json\/wp\/v2\/pages\/3506\/revisions"}],"predecessor-version":[{"id":8748,"href":"https:\/\/www.notredamelacouronne.fr\/news\/wp-json\/wp\/v2\/pages\/3506\/revisions\/8748"}],"wp:attachment":[{"href":"https:\/\/www.notredamelacouronne.fr\/news\/wp-json\/wp\/v2\/media?parent=3506"}],"curies":[{"name":"wp","href":"https:\/\/api.w.org\/{rel}","templated":true}]}}