{"id":2888,"date":"2017-03-05T21:17:52","date_gmt":"2017-03-05T20:17:52","guid":{"rendered":"http:\/\/www.notredamelacouronne.fr\/news\/?page_id=2888"},"modified":"2023-06-01T12:41:53","modified_gmt":"2023-06-01T11:41:53","slug":"classe-ce1-5","status":"publish","type":"page","link":"https:\/\/www.notredamelacouronne.fr\/news\/classe-ce1-5\/","title":{"rendered":"Classe CE1"},"content":{"rendered":"<p><span style=\"font-weight: 400;\">La classe de CE1<\/span><\/p>\n<p><img loading=\"lazy\" decoding=\"async\" class=\"alignnone size-large wp-image-4395\" src=\"https:\/\/www.notredamelacouronne.fr\/news\/wp-content\/uploads\/2019\/01\/Classe-CE1-2-300x225.jpg\" alt=\"\" width=\"300\" height=\"225\" srcset=\"https:\/\/www.notredamelacouronne.fr\/news\/wp-content\/uploads\/2019\/01\/Classe-CE1-2-300x225.jpg 300w, https:\/\/www.notredamelacouronne.fr\/news\/wp-content\/uploads\/2019\/01\/Classe-CE1-2.jpg 600w\" sizes=\"auto, (max-width: 300px) 100vw, 300px\" \/>\u00a0<img loading=\"lazy\" decoding=\"async\" class=\"alignnone size-large wp-image-4394\" src=\"https:\/\/www.notredamelacouronne.fr\/news\/wp-content\/uploads\/2019\/01\/CE1-Bureau-enseignante-300x225.jpg\" alt=\"\" width=\"300\" height=\"225\" srcset=\"https:\/\/www.notredamelacouronne.fr\/news\/wp-content\/uploads\/2019\/01\/CE1-Bureau-enseignante-300x225.jpg 300w, https:\/\/www.notredamelacouronne.fr\/news\/wp-content\/uploads\/2019\/01\/CE1-Bureau-enseignante.jpg 600w\" sizes=\"auto, (max-width: 300px) 100vw, 300px\" \/><\/p>\n<p><img loading=\"lazy\" decoding=\"async\" class=\"alignnone size-large wp-image-4393\" src=\"https:\/\/www.notredamelacouronne.fr\/news\/wp-content\/uploads\/2019\/01\/CE1-Biblioth\u00e8que-300x225.jpg\" alt=\"\" width=\"300\" height=\"225\" srcset=\"https:\/\/www.notredamelacouronne.fr\/news\/wp-content\/uploads\/2019\/01\/CE1-Biblioth\u00e8que-300x225.jpg 300w, https:\/\/www.notredamelacouronne.fr\/news\/wp-content\/uploads\/2019\/01\/CE1-Biblioth\u00e8que.jpg 600w\" sizes=\"auto, (max-width: 300px) 100vw, 300px\" \/>\u00a0<img loading=\"lazy\" decoding=\"async\" class=\"alignnone size-large wp-image-4392\" src=\"https:\/\/www.notredamelacouronne.fr\/news\/wp-content\/uploads\/2019\/01\/CE1-Biblioth\u00e8que-2-225x300.jpg\" alt=\"\" width=\"225\" height=\"300\" srcset=\"https:\/\/www.notredamelacouronne.fr\/news\/wp-content\/uploads\/2019\/01\/CE1-Biblioth\u00e8que-2-225x300.jpg 225w, https:\/\/www.notredamelacouronne.fr\/news\/wp-content\/uploads\/2019\/01\/CE1-Biblioth\u00e8que-2.jpg 600w\" sizes=\"auto, (max-width: 225px) 100vw, 225px\" \/><\/p>\n<p><img loading=\"lazy\" decoding=\"async\" class=\"alignnone size-large wp-image-4391\" src=\"https:\/\/www.notredamelacouronne.fr\/news\/wp-content\/uploads\/2019\/01\/Classe-CE1-300x225.jpg\" alt=\"\" width=\"300\" height=\"225\" srcset=\"https:\/\/www.notredamelacouronne.fr\/news\/wp-content\/uploads\/2019\/01\/Classe-CE1-300x225.jpg 300w, https:\/\/www.notredamelacouronne.fr\/news\/wp-content\/uploads\/2019\/01\/Classe-CE1.jpg 600w\" sizes=\"auto, (max-width: 300px) 100vw, 300px\" \/>\u00a0<img loading=\"lazy\" decoding=\"async\" class=\"alignnone size-large wp-image-4390\" src=\"https:\/\/www.notredamelacouronne.fr\/news\/wp-content\/uploads\/2019\/01\/Classe-CE1-3-300x225.jpg\" alt=\"\" width=\"300\" height=\"225\" srcset=\"https:\/\/www.notredamelacouronne.fr\/news\/wp-content\/uploads\/2019\/01\/Classe-CE1-3-300x225.jpg 300w, https:\/\/www.notredamelacouronne.fr\/news\/wp-content\/uploads\/2019\/01\/Classe-CE1-3.jpg 600w\" sizes=\"auto, (max-width: 300px) 100vw, 300px\" \/><\/p>\n<p><span style=\"font-weight: 400;\">En CE1, la ma\u00eetresse s\u2019appelle Mme GALLARDO. <\/span><\/p>\n<p><span style=\"font-weight: 400;\">Chaque jour, nous commen\u00e7ons par un peu de vocabulaire avec le mot du jour.<\/span><\/p>\n<p><span style=\"font-weight: 400;\">Ensuite, nos journ\u00e9es sont bien remplies, on ne voit pas le temps passer\u00a0: fran\u00e7ais, math\u00e9matiques, anglais, arts visuels, d\u00e9couverte du monde\u2026<\/span><\/p>\n<p><span style=\"font-weight: 400;\">Cette ann\u00e9e, nous apprenons une nouvelle discipline, la grammaire, avec plein de petits personnages amusants qui nous permettent de reconna\u00eetre les mots.<\/span><\/p>\n<p><span style=\"font-weight: 400;\">Nous faisons \u00e9galement des math\u00e9matiques avec notre ami Litchi, le kangourou de notre fichier.<\/span><\/p>\n<p><span style=\"font-weight: 400;\">Nous pratiquons l\u2019EPS r\u00e9guli\u00e8rement avec la ma\u00eetresse ou bien avec des intervenants en allant au dojo. Les activit\u00e9s sont vari\u00e9es\u00a0: judo, athl\u00e9tisme, acrogym, jeux de ballon\u2026<\/span><\/p>\n<p>&nbsp;<\/p>\n<p><span style=\"font-weight: 400;\">L\u2019\u00e9criture et la pr\u00e9sentation des cahiers sont tr\u00e8s importantes en CE1. Si le travail est appliqu\u00e9, on gagne des points de champion de copie, c\u2019est super motivant\u00a0!<\/span><\/p>\n<p>&nbsp;<\/p>\n<p><span style=\"font-weight: 400;\">Pour agr\u00e9menter encore nos journ\u00e9es, nous avons beaucoup d\u2019activit\u00e9s \u00e0 faire en autonomie\u00a0: des mots m\u00eal\u00e9s, des coloriages magiques, des jeux de logiques, des tangrams, des livres de biblioth\u00e8que.<\/span><\/p>\n<p>&nbsp;<\/p>\n<p>&nbsp;<\/p>\n","protected":false},"excerpt":{"rendered":"<p>_<\/p>\n","protected":false},"author":1,"featured_media":0,"parent":0,"menu_order":0,"comment_status":"closed","ping_status":"closed","template":"","meta":{"footnotes":""},"class_list":["post-2888","page","type-page","status-publish","hentry"],"_links":{"self":[{"href":"https:\/\/www.notredamelacouronne.fr\/news\/wp-json\/wp\/v2\/pages\/2888","targetHints":{"allow":["GET"]}}],"collection":[{"href":"https:\/\/www.notredamelacouronne.fr\/news\/wp-json\/wp\/v2\/pages"}],"about":[{"href":"https:\/\/www.notredamelacouronne.fr\/news\/wp-json\/wp\/v2\/types\/page"}],"author":[{"embeddable":true,"href":"https:\/\/www.notredamelacouronne.fr\/news\/wp-json\/wp\/v2\/users\/1"}],"replies":[{"embeddable":true,"href":"https:\/\/www.notredamelacouronne.fr\/news\/wp-json\/wp\/v2\/comments?post=2888"}],"version-history":[{"count":1,"href":"https:\/\/www.notredamelacouronne.fr\/news\/wp-json\/wp\/v2\/pages\/2888\/revisions"}],"predecessor-version":[{"id":7406,"href":"https:\/\/www.notredamelacouronne.fr\/news\/wp-json\/wp\/v2\/pages\/2888\/revisions\/7406"}],"wp:attachment":[{"href":"https:\/\/www.notredamelacouronne.fr\/news\/wp-json\/wp\/v2\/media?parent=2888"}],"curies":[{"name":"wp","href":"https:\/\/api.w.org\/{rel}","templated":true}]}}