{"id":2886,"date":"2017-03-05T21:17:06","date_gmt":"2017-03-05T20:17:06","guid":{"rendered":"http:\/\/www.notredamelacouronne.fr\/news\/?page_id=2886"},"modified":"2023-09-28T08:08:35","modified_gmt":"2023-09-28T07:08:35","slug":"classe-cp","status":"publish","type":"page","link":"https:\/\/www.notredamelacouronne.fr\/news\/classe-cp\/","title":{"rendered":"Classe CP"},"content":{"rendered":"<div style=\"text-align: center;\"><img loading=\"lazy\" decoding=\"async\" class=\"size-large wp-image-4388 alignnone\" src=\"https:\/\/www.notredamelacouronne.fr\/news\/wp-content\/uploads\/2019\/01\/Classe-CP-300x225.jpg\" alt=\"\" width=\"300\" height=\"225\" srcset=\"https:\/\/www.notredamelacouronne.fr\/news\/wp-content\/uploads\/2019\/01\/Classe-CP-300x225.jpg 300w, https:\/\/www.notredamelacouronne.fr\/news\/wp-content\/uploads\/2019\/01\/Classe-CP.jpg 600w\" sizes=\"auto, (max-width: 300px) 100vw, 300px\" \/>\u00a0<img loading=\"lazy\" decoding=\"async\" class=\"size-large wp-image-4387 alignnone\" src=\"https:\/\/www.notredamelacouronne.fr\/news\/wp-content\/uploads\/2019\/01\/Classe-CP-4-300x225.jpg\" alt=\"\" width=\"300\" height=\"225\" srcset=\"https:\/\/www.notredamelacouronne.fr\/news\/wp-content\/uploads\/2019\/01\/Classe-CP-4-300x225.jpg 300w, https:\/\/www.notredamelacouronne.fr\/news\/wp-content\/uploads\/2019\/01\/Classe-CP-4.jpg 600w\" sizes=\"auto, (max-width: 300px) 100vw, 300px\" \/><img loading=\"lazy\" decoding=\"async\" class=\"alignnone size-large wp-image-4386\" src=\"https:\/\/www.notredamelacouronne.fr\/news\/wp-content\/uploads\/2019\/01\/Classe-CP-3-300x225.jpg\" alt=\"\" width=\"300\" height=\"225\" srcset=\"https:\/\/www.notredamelacouronne.fr\/news\/wp-content\/uploads\/2019\/01\/Classe-CP-3-300x225.jpg 300w, https:\/\/www.notredamelacouronne.fr\/news\/wp-content\/uploads\/2019\/01\/Classe-CP-3.jpg 600w\" sizes=\"auto, (max-width: 300px) 100vw, 300px\" \/>\u00a0<img loading=\"lazy\" decoding=\"async\" class=\"alignnone size-large wp-image-4385\" src=\"https:\/\/www.notredamelacouronne.fr\/news\/wp-content\/uploads\/2019\/01\/Classe-CP-2-300x225.jpg\" alt=\"\" width=\"300\" height=\"225\" srcset=\"https:\/\/www.notredamelacouronne.fr\/news\/wp-content\/uploads\/2019\/01\/Classe-CP-2-300x225.jpg 300w, https:\/\/www.notredamelacouronne.fr\/news\/wp-content\/uploads\/2019\/01\/Classe-CP-2.jpg 600w\" sizes=\"auto, (max-width: 300px) 100vw, 300px\" \/><\/p>\n<p><img loading=\"lazy\" decoding=\"async\" class=\"alignnone size-large wp-image-4384\" src=\"https:\/\/www.notredamelacouronne.fr\/news\/wp-content\/uploads\/2019\/01\/CP-Coin-ordinateurs-300x225.jpg\" alt=\"\" width=\"300\" height=\"225\" srcset=\"https:\/\/www.notredamelacouronne.fr\/news\/wp-content\/uploads\/2019\/01\/CP-Coin-ordinateurs-300x225.jpg 300w, https:\/\/www.notredamelacouronne.fr\/news\/wp-content\/uploads\/2019\/01\/CP-Coin-ordinateurs.jpg 600w\" sizes=\"auto, (max-width: 300px) 100vw, 300px\" \/>\u00a0<img loading=\"lazy\" decoding=\"async\" class=\"alignnone size-large wp-image-4383\" src=\"https:\/\/www.notredamelacouronne.fr\/news\/wp-content\/uploads\/2019\/01\/CP-Biblioth\u00e8que-jeux-construction-300x225.jpg\" alt=\"\" width=\"300\" height=\"225\" srcset=\"https:\/\/www.notredamelacouronne.fr\/news\/wp-content\/uploads\/2019\/01\/CP-Biblioth\u00e8que-jeux-construction-300x225.jpg 300w, https:\/\/www.notredamelacouronne.fr\/news\/wp-content\/uploads\/2019\/01\/CP-Biblioth\u00e8que-jeux-construction.jpg 600w\" sizes=\"auto, (max-width: 300px) 100vw, 300px\" \/><\/p>\n<\/div>\n<p style=\"text-align: center;\"><span style=\"color: #0051ca;\"><span style=\"font-family: Arial, Helvetica, sans-serif; font-size: small;\"><big>Connaissez-vous nos amis, Mona et Paco ?<\/big><\/span><\/span><b><\/b><a href=\"https:\/\/www.notredamelacouronne.fr\/CP\/Mona.JPG\"><img decoding=\"async\" class=\"aligncenter\" src=\"https:\/\/www.notredamelacouronne.fr\/CP\/Mona.JPG\" alt=\"\" \/><\/a><\/p>\n<div><span style=\"color: #002255; font-family: Arial, Helvetica, sans-serif; font-size: small;\"><big>Mona est une petite sorci\u00e8re espi\u00e8gle. Elle a un chat bizarre : il est parfois tout vert ! Paco est l&rsquo;ami de Mona. Ils sont en CP eux aussi. <\/big><\/span><br \/>\n<span style=\"color: #002255; font-family: Arial, Helvetica, sans-serif; font-size: small;\"><big>On \u00e9coute les histoires et on apprend les sons.<\/big><\/span><br \/>\n<span style=\"color: #002255; font-family: Arial, Helvetica, sans-serif; font-size: small;\"><big>La ma\u00eetresse explique: \u00ab\u00a0c&rsquo;est une m\u00e9thode phon\u00e9tico-gestuelle, o\u00f9 chaque son correspond \u00e0 un geste. Nous partons de la syllabe puis nous fabriquons des mots.<\/big><\/span><br \/>\n<span style=\"color: #002255; font-family: Arial, Helvetica, sans-serif; font-size: small;\"><big>En d\u00e9but d&rsquo;ann\u00e9e, la compr\u00e9hension est travaill\u00e9e \u00e0 partir de textes \u00e9cout\u00e9s, mais un passage, qui devient de plus en plus important, est lu par les \u00e9l\u00e8ves.<\/big><\/span><br \/>\n<span style=\"color: #002255; font-family: Arial, Helvetica, sans-serif; font-size: small;\"><big>Une p\u00e9dagogie diff\u00e9renci\u00e9e est mise en place pour permettre \u00e0 chaque \u00e9l\u00e8ve d&rsquo;entrer dans un projet de lecteur, et pour donner l&rsquo;envie de lire.\u00a0\u00bb<\/big><\/span><br \/>\n<span style=\"color: #002255; font-family: Arial, Helvetica, sans-serif; font-size: small;\"><big>Nous travaillons aussi la lecture avec un logiciel. Avec un casque et un micro, nous partons dans diff\u00e9rents mondes pour acqu\u00e9rir \u00e0 notre rythme une lecture autonome. Nous gagnons des dipl\u00f4mes : cela nous motive beaucoup !<\/big><\/span><br \/>\n<big><\/big><\/div>\n<div><\/div>\n<div><\/div>\n<div><img loading=\"lazy\" decoding=\"async\" class=\"wp-image-7360 aligncenter\" src=\"https:\/\/www.notredamelacouronne.fr\/news\/wp-content\/uploads\/2023\/05\/lalilo-e1685561882499-800x557.jpg\" alt=\"\" width=\"328\" height=\"228\" srcset=\"https:\/\/www.notredamelacouronne.fr\/news\/wp-content\/uploads\/2023\/05\/lalilo-e1685561882499-800x557.jpg 800w, https:\/\/www.notredamelacouronne.fr\/news\/wp-content\/uploads\/2023\/05\/lalilo-e1685561882499-300x209.jpg 300w, https:\/\/www.notredamelacouronne.fr\/news\/wp-content\/uploads\/2023\/05\/lalilo-e1685561882499-768x535.jpg 768w, https:\/\/www.notredamelacouronne.fr\/news\/wp-content\/uploads\/2023\/05\/lalilo-e1685561882499-730x508.jpg 730w, https:\/\/www.notredamelacouronne.fr\/news\/wp-content\/uploads\/2023\/05\/lalilo-e1685561882499-1320x919.jpg 1320w, https:\/\/www.notredamelacouronne.fr\/news\/wp-content\/uploads\/2023\/05\/lalilo-e1685561882499.jpg 1406w\" sizes=\"auto, (max-width: 328px) 100vw, 328px\" \/><\/div>\n<p style=\"text-align: center;\"><span style=\"color: #002255; font-family: Arial, Helvetica, sans-serif; font-size: small;\"><big><br \/>\n<\/big><\/span><span class=\"aligncenter\" style=\"color: #002255; font-family: Arial, Helvetica, sans-serif; font-size: small; text-align: center;\"><img decoding=\"async\" src=\"https:\/\/www.notredamelacouronne.fr\/CP\/Picbille.JPG\" alt=\"\" \/><img decoding=\"async\" src=\"https:\/\/www.notredamelacouronne.fr\/CP\/Picbille1.JPG\" alt=\"\" \/><\/span><span style=\"color: #002255; font-family: Arial, Helvetica, sans-serif; font-size: small;\"><big><br \/>\nNous apprenons le calcul avec Picbille.<br \/>\n<\/big><\/span><\/p>\n<div style=\"text-align: center;\"><span style=\"color: #002255; font-family: Arial, Helvetica, sans-serif; font-size: small;\"><big>La g\u00e9om\u00e9trie est expliqu\u00e9e par G\u00e9om<img decoding=\"async\" src=\"https:\/\/www.notredamelacouronne.fr\/CP\/geom.JPG\" alt=\"\" \/>.<\/big><\/span><br \/>\n<big><\/big><\/div>\n<div><\/div>\n<div style=\"text-align: center;\"><span style=\"color: #002255; font-family: Arial, Helvetica, sans-serif; font-size: small;\"><big>Nous pratiquons diff\u00e9rentes activit\u00e9s sportives avec un intervenant :<br \/>\njudo, zumba, sport collectif \u2026<br \/>\n<img loading=\"lazy\" decoding=\"async\" class=\"size-full wp-image-4555 alignnone\" src=\"https:\/\/www.notredamelacouronne.fr\/news\/wp-content\/uploads\/2019\/03\/cp1.jpg\" alt=\"\" width=\"189\" height=\"228\" \/><\/big><\/span><\/div>\n<div><span style=\"color: #002255; font-family: Arial, Helvetica, sans-serif; font-size: small;\"><big>Chaque semaine, nous devenons des petits \u00e9crivains (travail en co-animation avec Maitre Alain et notre maitresse). Notre projet ? Ecrire un \u00ab Kamishiba\u00ef \u00bb (th\u00e9\u00e2tre japonais) pour le pr\u00e9senter \u00e0 nos parrains et nos marraines de l\u2019\u00e9cole.<\/big><\/span><\/div>\n<div><\/div>\n<div><img loading=\"lazy\" decoding=\"async\" class=\"size-medium wp-image-7366 aligncenter\" src=\"https:\/\/www.notredamelacouronne.fr\/news\/wp-content\/uploads\/2023\/05\/Kamishibai-300x210.jpg\" alt=\"\" width=\"300\" height=\"210\" srcset=\"https:\/\/www.notredamelacouronne.fr\/news\/wp-content\/uploads\/2023\/05\/Kamishibai-300x210.jpg 300w, https:\/\/www.notredamelacouronne.fr\/news\/wp-content\/uploads\/2023\/05\/Kamishibai.jpg 678w\" sizes=\"auto, (max-width: 300px) 100vw, 300px\" \/><\/div>\n<div><\/div>\n<div><span style=\"color: #002255; font-family: Arial, Helvetica, sans-serif; font-size: small;\"><big>Et oui, nous avons des CM2 qui nous aident quand on arrive en primaire. C\u2019est chouette et rassurant ! On appelle \u00e7a \u00ab du tutorat \u00bb.<br \/>\nNous avons des activit\u00e9s communes: activit\u00e9s manuelles, sport, jeux de soci\u00e9t\u00e9, pastorale\u2026<br \/>\n<\/big><\/span><br \/>\n<big><\/big><big><\/big><\/div>\n<div><img loading=\"lazy\" decoding=\"async\" class=\"size-full wp-image-4556 aligncenter\" src=\"https:\/\/www.notredamelacouronne.fr\/news\/wp-content\/uploads\/2019\/03\/cp2.jpg\" alt=\"\" width=\"220\" height=\"198\" \/><br \/>\n<span style=\"color: #002255; font-family: Arial, Helvetica, sans-serif; font-size: small;\"><big>Nous apprenons plein de mots en anglais et faisons connaissance avec la culture anglaise.<\/big><\/span><br \/>\n<span style=\"color: #002255; font-family: Arial, Helvetica, sans-serif; font-size: small;\"><big>En \u00e9ducation musicale, des personnages tr\u00e8s timides, les Gounjous, nous font d\u00e9couvrir des extraits musicaux. Nous adorons ce moment : Maitresse lit un conte sur un gounjou, nous \u00e9coutons ensuite quatre extraits musicaux et nous recherchons dans quelle musique se cache ce gounjou.<\/big><\/span><\/div>\n<div><\/div>\n<div><img loading=\"lazy\" decoding=\"async\" class=\"size-full wp-image-7370 aligncenter\" src=\"https:\/\/www.notredamelacouronne.fr\/news\/wp-content\/uploads\/2023\/05\/gounjous.jpg\" alt=\"\" width=\"183\" height=\"227\" \/><\/div>\n<p><span style=\"color: #002255; font-family: Arial, Helvetica, sans-serif; font-size: small;\"><big>On fait tellement de choses ! Le mieux, c\u2019est de venir nous rencontrer aux Portes Ouvertes !<\/big><\/span><\/p>\n","protected":false},"excerpt":{"rendered":"<p>_<\/p>\n","protected":false},"author":1,"featured_media":0,"parent":0,"menu_order":0,"comment_status":"closed","ping_status":"closed","template":"","meta":{"footnotes":""},"class_list":["post-2886","page","type-page","status-publish","hentry"],"_links":{"self":[{"href":"https:\/\/www.notredamelacouronne.fr\/news\/wp-json\/wp\/v2\/pages\/2886","targetHints":{"allow":["GET"]}}],"collection":[{"href":"https:\/\/www.notredamelacouronne.fr\/news\/wp-json\/wp\/v2\/pages"}],"about":[{"href":"https:\/\/www.notredamelacouronne.fr\/news\/wp-json\/wp\/v2\/types\/page"}],"author":[{"embeddable":true,"href":"https:\/\/www.notredamelacouronne.fr\/news\/wp-json\/wp\/v2\/users\/1"}],"replies":[{"embeddable":true,"href":"https:\/\/www.notredamelacouronne.fr\/news\/wp-json\/wp\/v2\/comments?post=2886"}],"version-history":[{"count":17,"href":"https:\/\/www.notredamelacouronne.fr\/news\/wp-json\/wp\/v2\/pages\/2886\/revisions"}],"predecessor-version":[{"id":7618,"href":"https:\/\/www.notredamelacouronne.fr\/news\/wp-json\/wp\/v2\/pages\/2886\/revisions\/7618"}],"wp:attachment":[{"href":"https:\/\/www.notredamelacouronne.fr\/news\/wp-json\/wp\/v2\/media?parent=2886"}],"curies":[{"name":"wp","href":"https:\/\/api.w.org\/{rel}","templated":true}]}}