{"id":2884,"date":"2017-02-27T22:24:36","date_gmt":"2017-02-27T21:24:36","guid":{"rendered":"http:\/\/www.notredamelacouronne.fr\/news\/?page_id=2884"},"modified":"2023-06-01T12:40:26","modified_gmt":"2023-06-01T11:40:26","slug":"classe-msm","status":"publish","type":"page","link":"https:\/\/www.notredamelacouronne.fr\/news\/classe-msm\/","title":{"rendered":"Classe MSM"},"content":{"rendered":"<h2><em><span style=\"color: #ff6600;\">Moyenne Section Maternelle<\/span><\/em><\/h2>\n<p><img loading=\"lazy\" decoding=\"async\" class=\"alignnone size-large wp-image-4356\" src=\"https:\/\/www.notredamelacouronne.fr\/news\/wp-content\/uploads\/2019\/01\/Classe-MS-300x225.jpg\" alt=\"\" width=\"300\" height=\"225\" srcset=\"https:\/\/www.notredamelacouronne.fr\/news\/wp-content\/uploads\/2019\/01\/Classe-MS-300x225.jpg 300w, https:\/\/www.notredamelacouronne.fr\/news\/wp-content\/uploads\/2019\/01\/Classe-MS.jpg 600w\" sizes=\"auto, (max-width: 300px) 100vw, 300px\" \/>\u00a0<img loading=\"lazy\" decoding=\"async\" class=\"alignnone size-large wp-image-4355\" src=\"https:\/\/www.notredamelacouronne.fr\/news\/wp-content\/uploads\/2019\/01\/Classe-MS-3-300x225.jpg\" alt=\"\" width=\"300\" height=\"225\" srcset=\"https:\/\/www.notredamelacouronne.fr\/news\/wp-content\/uploads\/2019\/01\/Classe-MS-3-300x225.jpg 300w, https:\/\/www.notredamelacouronne.fr\/news\/wp-content\/uploads\/2019\/01\/Classe-MS-3.jpg 600w\" sizes=\"auto, (max-width: 300px) 100vw, 300px\" \/><\/p>\n<p><img loading=\"lazy\" decoding=\"async\" class=\"alignnone size-large wp-image-4354\" src=\"https:\/\/www.notredamelacouronne.fr\/news\/wp-content\/uploads\/2019\/01\/Classe-MS-2-300x225.jpg\" alt=\"\" width=\"300\" height=\"225\" srcset=\"https:\/\/www.notredamelacouronne.fr\/news\/wp-content\/uploads\/2019\/01\/Classe-MS-2-300x225.jpg 300w, https:\/\/www.notredamelacouronne.fr\/news\/wp-content\/uploads\/2019\/01\/Classe-MS-2.jpg 600w\" sizes=\"auto, (max-width: 300px) 100vw, 300px\" \/>\u00a0<img loading=\"lazy\" decoding=\"async\" class=\"alignnone size-large wp-image-4353\" src=\"https:\/\/www.notredamelacouronne.fr\/news\/wp-content\/uploads\/2019\/01\/MS-Vestiaires-300x225.jpg\" alt=\"\" width=\"300\" height=\"225\" srcset=\"https:\/\/www.notredamelacouronne.fr\/news\/wp-content\/uploads\/2019\/01\/MS-Vestiaires-300x225.jpg 300w, https:\/\/www.notredamelacouronne.fr\/news\/wp-content\/uploads\/2019\/01\/MS-Vestiaires.jpg 600w\" sizes=\"auto, (max-width: 300px) 100vw, 300px\" \/><\/p>\n<p>Chez les moyens, nous d\u00e9couvrons les premiers outils pour apprendre \u00e0 \u00e9crire,\u00e0 lire, \u00e0 compter avec notre ma\u00eetresse Madame Sarrazin.<\/p>\n<p><img loading=\"lazy\" decoding=\"async\" class=\"wp-image-3660 alignright\" src=\"https:\/\/www.notredamelacouronne.fr\/news\/wp-content\/uploads\/2018\/01\/exemples-ateliers1-760x8001.png\" alt=\"\" width=\"323\" height=\"340\" srcset=\"https:\/\/www.notredamelacouronne.fr\/news\/wp-content\/uploads\/2018\/01\/exemples-ateliers1-760x8001.png 760w, https:\/\/www.notredamelacouronne.fr\/news\/wp-content\/uploads\/2018\/01\/exemples-ateliers1-760x8001-285x300.png 285w, https:\/\/www.notredamelacouronne.fr\/news\/wp-content\/uploads\/2018\/01\/exemples-ateliers1-760x8001-600x632.png 600w, https:\/\/www.notredamelacouronne.fr\/news\/wp-content\/uploads\/2018\/01\/exemples-ateliers1-760x8001-730x768.png 730w\" sizes=\"auto, (max-width: 323px) 100vw, 323px\" \/>\u00a0 \u00a0 Le matin, nous attendons avec impatience le moment des \u00ab\u00a0AMI\u00a0\u00bb(les ateliers individuels de manipulation) pendant lesquels nous pouvons choisir l&rsquo;activit\u00e9 que nous souhaitons. Gr\u00e2ce \u00e0 eux, nous pouvons relever des d\u00e9fis tous les jours dans nos constructions, nos r\u00e9solutions de probl\u00e8mes, nos activit\u00e9s de langage&#8230; Nous aimons particuli\u00e8rement les ateliers pour explorer le monde: petites exp\u00e9riences scientifiques, manipulation de cadenas, tableau \u00e0 double entr\u00e9e&#8230;<\/p>\n<p>La journ\u00e9e est rythm\u00e9e de temps collectifs: la motricit\u00e9, les comptines, les rituels de la date, l&rsquo;histoire, l&rsquo;art visuel&#8230;et de temps individuels dans lesquels ma\u00eetresse est\u00a0 disponible si nous avons besoin d&rsquo;aide.<\/p>\n<p>&nbsp;<\/p>\n<p>&nbsp;<\/p>\n<p><img loading=\"lazy\" decoding=\"async\" class=\"wp-image-3659 alignleft\" src=\"https:\/\/www.notredamelacouronne.fr\/news\/wp-content\/uploads\/2018\/01\/L_4mw_WGavivCMDI2qxwSNyzzOA1.png\" alt=\"\" width=\"206\" height=\"143\" srcset=\"https:\/\/www.notredamelacouronne.fr\/news\/wp-content\/uploads\/2018\/01\/L_4mw_WGavivCMDI2qxwSNyzzOA1.png 1600w, https:\/\/www.notredamelacouronne.fr\/news\/wp-content\/uploads\/2018\/01\/L_4mw_WGavivCMDI2qxwSNyzzOA1-300x209.png 300w, https:\/\/www.notredamelacouronne.fr\/news\/wp-content\/uploads\/2018\/01\/L_4mw_WGavivCMDI2qxwSNyzzOA1-768x534.png 768w, https:\/\/www.notredamelacouronne.fr\/news\/wp-content\/uploads\/2018\/01\/L_4mw_WGavivCMDI2qxwSNyzzOA1-600x417.png 600w, https:\/\/www.notredamelacouronne.fr\/news\/wp-content\/uploads\/2018\/01\/L_4mw_WGavivCMDI2qxwSNyzzOA1-730x507.png 730w\" sizes=\"auto, (max-width: 206px) 100vw, 206px\" \/><\/p>\n<p>Nous aimons les activit\u00e9s manuelles ainsi que les arts visuels, nous fabriquons un petit mus\u00e9e avec nos productions \u00ab\u00a0\u00e0 la mani\u00e9re de&#8230;\u00a0\u00bb que nous relions \u00e0 la fin de l&rsquo;ann\u00e9e.<\/p>\n<p>&nbsp;<\/p>\n<p>&nbsp;<\/p>\n<p>&nbsp;<\/p>\n<p style=\"text-align: center;\">\u00a0 \u00a0 \u00a0 \u00a0 \u00a0 \u00a0 \u00a0 \u00a0 \u00a0Nous apprenons \u00e0 vivre ensemble et comme dit souvent\u00a0 Ma\u00eetresse:<\/p>\n<p style=\"text-align: center;\">\u00a0 \u00a0 \u00a0 \u00a0 \u00a0 \u00a0 \u00a0 \u00a0 \u00a0 \u00a0 \u00a0 \u00a0\u00ab\u00a0Nous sommes tous diff\u00e9rents mais tous importants!\u00a0\u00bb<img loading=\"lazy\" decoding=\"async\" class=\"alignnone size-full wp-image-3661\" src=\"https:\/\/www.notredamelacouronne.fr\/news\/wp-content\/uploads\/2018\/01\/farandole_enfant1.png\" alt=\"\" width=\"655\" height=\"120\" srcset=\"https:\/\/www.notredamelacouronne.fr\/news\/wp-content\/uploads\/2018\/01\/farandole_enfant1.png 655w, https:\/\/www.notredamelacouronne.fr\/news\/wp-content\/uploads\/2018\/01\/farandole_enfant1-300x55.png 300w, https:\/\/www.notredamelacouronne.fr\/news\/wp-content\/uploads\/2018\/01\/farandole_enfant1-600x110.png 600w\" sizes=\"auto, (max-width: 655px) 100vw, 655px\" \/><\/p>\n","protected":false},"excerpt":{"rendered":"<p>_<\/p>\n","protected":false},"author":1,"featured_media":0,"parent":0,"menu_order":0,"comment_status":"closed","ping_status":"closed","template":"","meta":{"footnotes":""},"class_list":["post-2884","page","type-page","status-publish","hentry"],"_links":{"self":[{"href":"https:\/\/www.notredamelacouronne.fr\/news\/wp-json\/wp\/v2\/pages\/2884","targetHints":{"allow":["GET"]}}],"collection":[{"href":"https:\/\/www.notredamelacouronne.fr\/news\/wp-json\/wp\/v2\/pages"}],"about":[{"href":"https:\/\/www.notredamelacouronne.fr\/news\/wp-json\/wp\/v2\/types\/page"}],"author":[{"embeddable":true,"href":"https:\/\/www.notredamelacouronne.fr\/news\/wp-json\/wp\/v2\/users\/1"}],"replies":[{"embeddable":true,"href":"https:\/\/www.notredamelacouronne.fr\/news\/wp-json\/wp\/v2\/comments?post=2884"}],"version-history":[{"count":1,"href":"https:\/\/www.notredamelacouronne.fr\/news\/wp-json\/wp\/v2\/pages\/2884\/revisions"}],"predecessor-version":[{"id":7409,"href":"https:\/\/www.notredamelacouronne.fr\/news\/wp-json\/wp\/v2\/pages\/2884\/revisions\/7409"}],"wp:attachment":[{"href":"https:\/\/www.notredamelacouronne.fr\/news\/wp-json\/wp\/v2\/media?parent=2884"}],"curies":[{"name":"wp","href":"https:\/\/api.w.org\/{rel}","templated":true}]}}