{"id":2877,"date":"2017-02-27T21:55:11","date_gmt":"2017-02-27T20:55:11","guid":{"rendered":"http:\/\/www.notredamelacouronne.fr\/news\/?page_id=2877"},"modified":"2024-02-03T20:09:07","modified_gmt":"2024-02-03T19:09:07","slug":"classe-psm","status":"publish","type":"page","link":"https:\/\/www.notredamelacouronne.fr\/news\/classe-psm\/","title":{"rendered":"Classe PSM"},"content":{"rendered":"<p><span style=\"color: #ff6600;\"><em><big><big><big>Petites sections maternelles<\/big><\/big><\/big><\/em><\/span><\/p>\n<map name=\"Map\">\n<area coords=\"11,252,85,299\" shape=\"rect\" href=\"http:\/\/www.notredamelacouronne.fr\/cm2.htm\" \/>\n<area coords=\"9,184,83,231\" shape=\"rect\" href=\"http:\/\/www.notredamelacouronne.fr\/cm1.htm\" \/>\n<area coords=\"8,125,82,172\" shape=\"rect\" href=\"http:\/\/www.notredamelacouronne.fr\/ce2.htm\" \/>\n<area coords=\"6,71,80,118\" shape=\"rect\" href=\"http:\/\/www.notredamelacouronne.fr\/ce1.htm\" \/>\n<area coords=\"6,11,79,61\" shape=\"rect\" href=\"http:\/\/www.notredamelacouronne.fr\/cp.htm\" \/>\n<\/map>\n<p><img loading=\"lazy\" decoding=\"async\" class=\"alignnone size-large wp-image-4351\" src=\"https:\/\/www.notredamelacouronne.fr\/news\/wp-content\/uploads\/2019\/01\/TPS-PS-coin-imitation-300x225.jpg\" alt=\"\" width=\"300\" height=\"225\" srcset=\"https:\/\/www.notredamelacouronne.fr\/news\/wp-content\/uploads\/2019\/01\/TPS-PS-coin-imitation-300x225.jpg 300w, https:\/\/www.notredamelacouronne.fr\/news\/wp-content\/uploads\/2019\/01\/TPS-PS-coin-imitation.jpg 600w\" sizes=\"auto, (max-width: 300px) 100vw, 300px\" \/>\u00a0<img loading=\"lazy\" decoding=\"async\" class=\"alignnone size-large wp-image-4350\" src=\"https:\/\/www.notredamelacouronne.fr\/news\/wp-content\/uploads\/2019\/01\/TPS-PS-Coin-cuisine-300x225.jpg\" alt=\"\" width=\"300\" height=\"225\" srcset=\"https:\/\/www.notredamelacouronne.fr\/news\/wp-content\/uploads\/2019\/01\/TPS-PS-Coin-cuisine-300x225.jpg 300w, https:\/\/www.notredamelacouronne.fr\/news\/wp-content\/uploads\/2019\/01\/TPS-PS-Coin-cuisine.jpg 600w\" sizes=\"auto, (max-width: 300px) 100vw, 300px\" \/><\/p>\n<p><img loading=\"lazy\" decoding=\"async\" class=\"alignnone size-large wp-image-4349\" src=\"https:\/\/www.notredamelacouronne.fr\/news\/wp-content\/uploads\/2019\/01\/TPS-PS-coin-chambre-imitation-300x225.jpg\" alt=\"\" width=\"300\" height=\"225\" srcset=\"https:\/\/www.notredamelacouronne.fr\/news\/wp-content\/uploads\/2019\/01\/TPS-PS-coin-chambre-imitation-300x225.jpg 300w, https:\/\/www.notredamelacouronne.fr\/news\/wp-content\/uploads\/2019\/01\/TPS-PS-coin-chambre-imitation.jpg 600w\" sizes=\"auto, (max-width: 300px) 100vw, 300px\" \/>\u00a0<img loading=\"lazy\" decoding=\"async\" class=\"alignnone size-large wp-image-4348\" src=\"https:\/\/www.notredamelacouronne.fr\/news\/wp-content\/uploads\/2019\/01\/TPS-PS-Biblioth\u00e8que-225x300.jpg\" alt=\"\" width=\"225\" height=\"300\" srcset=\"https:\/\/www.notredamelacouronne.fr\/news\/wp-content\/uploads\/2019\/01\/TPS-PS-Biblioth\u00e8que-225x300.jpg 225w, https:\/\/www.notredamelacouronne.fr\/news\/wp-content\/uploads\/2019\/01\/TPS-PS-Biblioth\u00e8que.jpg 600w\" sizes=\"auto, (max-width: 225px) 100vw, 225px\" \/><\/p>\n<p><img loading=\"lazy\" decoding=\"async\" class=\"alignnone size-large wp-image-4347\" src=\"https:\/\/www.notredamelacouronne.fr\/news\/wp-content\/uploads\/2019\/01\/TPS-PS-ateliers-300x225.jpg\" alt=\"\" width=\"300\" height=\"225\" srcset=\"https:\/\/www.notredamelacouronne.fr\/news\/wp-content\/uploads\/2019\/01\/TPS-PS-ateliers-300x225.jpg 300w, https:\/\/www.notredamelacouronne.fr\/news\/wp-content\/uploads\/2019\/01\/TPS-PS-ateliers.jpg 600w\" sizes=\"auto, (max-width: 300px) 100vw, 300px\" \/>\u00a0<img loading=\"lazy\" decoding=\"async\" class=\"alignnone size-large wp-image-4346\" src=\"https:\/\/www.notredamelacouronne.fr\/news\/wp-content\/uploads\/2019\/01\/Classe-TPS-PS-300x225.jpg\" alt=\"\" width=\"300\" height=\"225\" srcset=\"https:\/\/www.notredamelacouronne.fr\/news\/wp-content\/uploads\/2019\/01\/Classe-TPS-PS-300x225.jpg 300w, https:\/\/www.notredamelacouronne.fr\/news\/wp-content\/uploads\/2019\/01\/Classe-TPS-PS.jpg 600w\" sizes=\"auto, (max-width: 300px) 100vw, 300px\" \/><\/p>\n<p><img loading=\"lazy\" decoding=\"async\" class=\"alignnone size-large wp-image-4345\" src=\"https:\/\/www.notredamelacouronne.fr\/news\/wp-content\/uploads\/2019\/01\/Classe-TPS-PS-2-300x225.jpg\" alt=\"\" width=\"300\" height=\"225\" srcset=\"https:\/\/www.notredamelacouronne.fr\/news\/wp-content\/uploads\/2019\/01\/Classe-TPS-PS-2-300x225.jpg 300w, https:\/\/www.notredamelacouronne.fr\/news\/wp-content\/uploads\/2019\/01\/Classe-TPS-PS-2.jpg 600w\" sizes=\"auto, (max-width: 300px) 100vw, 300px\" \/>\u00a0<img loading=\"lazy\" decoding=\"async\" class=\"alignnone size-large wp-image-4344\" src=\"https:\/\/www.notredamelacouronne.fr\/news\/wp-content\/uploads\/2019\/01\/TPS-PS-coin-jeux-sable-et-eau-300x225.jpg\" alt=\"\" width=\"300\" height=\"225\" srcset=\"https:\/\/www.notredamelacouronne.fr\/news\/wp-content\/uploads\/2019\/01\/TPS-PS-coin-jeux-sable-et-eau-300x225.jpg 300w, https:\/\/www.notredamelacouronne.fr\/news\/wp-content\/uploads\/2019\/01\/TPS-PS-coin-jeux-sable-et-eau.jpg 600w\" sizes=\"auto, (max-width: 300px) 100vw, 300px\" \/><\/p>\n<p><span style=\"color: #0000ff;\"><big><big>N<\/big><\/big>otre ma\u00eetresse s&rsquo;appelle Mme BROUARD<\/span><br \/>\n<span style=\"color: #0000ff;\"><big><big>N<\/big><\/big>ous apprenons \u00e0 vivre ensemble et les r\u00e8gles de politesse (se dire bonjour, merci, s&rsquo;il vous plait).<\/span><br \/>\n<span style=\"color: #0000ff;\"><big><big>N<\/big><\/big>ous travaillons avec des ateliers tournant sur une semaine<big><big><br \/>\nN<\/big><\/big>ous peignons, dessinons, \u00e9crivons, d\u00e9coupons et faisons de la cuisine.<big><big><\/big><\/big><\/span><br \/>\n<span style=\"color: #0000ff;\"><big><big>N<\/big><\/big>ous assistons \u00e0 des spectacles, participons \u00e0 une sortie de fin d&rsquo;ann\u00e9e et \u00e0 la kermesse.<\/span><\/p>\n","protected":false},"excerpt":{"rendered":"<p>_<\/p>\n","protected":false},"author":1,"featured_media":0,"parent":0,"menu_order":0,"comment_status":"closed","ping_status":"closed","template":"","meta":{"footnotes":""},"class_list":["post-2877","page","type-page","status-publish","hentry"],"_links":{"self":[{"href":"https:\/\/www.notredamelacouronne.fr\/news\/wp-json\/wp\/v2\/pages\/2877","targetHints":{"allow":["GET"]}}],"collection":[{"href":"https:\/\/www.notredamelacouronne.fr\/news\/wp-json\/wp\/v2\/pages"}],"about":[{"href":"https:\/\/www.notredamelacouronne.fr\/news\/wp-json\/wp\/v2\/types\/page"}],"author":[{"embeddable":true,"href":"https:\/\/www.notredamelacouronne.fr\/news\/wp-json\/wp\/v2\/users\/1"}],"replies":[{"embeddable":true,"href":"https:\/\/www.notredamelacouronne.fr\/news\/wp-json\/wp\/v2\/comments?post=2877"}],"version-history":[{"count":2,"href":"https:\/\/www.notredamelacouronne.fr\/news\/wp-json\/wp\/v2\/pages\/2877\/revisions"}],"predecessor-version":[{"id":7844,"href":"https:\/\/www.notredamelacouronne.fr\/news\/wp-json\/wp\/v2\/pages\/2877\/revisions\/7844"}],"wp:attachment":[{"href":"https:\/\/www.notredamelacouronne.fr\/news\/wp-json\/wp\/v2\/media?parent=2877"}],"curies":[{"name":"wp","href":"https:\/\/api.w.org\/{rel}","templated":true}]}}